{"id":18,"date":"2023-06-28T11:06:10","date_gmt":"2023-06-28T11:06:10","guid":{"rendered":"https:\/\/www.gratangen-kystlag.no\/?page_id=18"},"modified":"2025-05-01T17:49:08","modified_gmt":"2025-05-01T17:49:08","slug":"foldvik-marknad","status":"publish","type":"page","link":"https:\/\/gratangen-kystlag.no\/?page_id=18","title":{"rendered":"Foldvik marked og kystkulturfestival"},"content":{"rendered":"<div>\n<p>        <img decoding=\"async\" src=\"\/wp-content\/uploads\/2025\/04\/IMG_0285.jpeg\" alt=\"\"><\/p>\n<div>\n<p style=\"text-align: center;\">Foldvik marked og kystkulturfestival 2025<\/p>\n<p style=\"text-align: center;\"><br class=\"html-br\" \/><strong>8.-10. august 2025\u00a0<\/strong><br class=\"html-br\" \/><span>Nord-Norges st\u00f8rste kystkulturarrangement. <br \/>Et \u00e5rlig marked med historie og kystkulturkultur.\u00a0<\/span><\/p>\n<\/p>\n<p style=\"text-align: center;\">\u00a0 \u00a0 \u00a0Vi h\u00e5per vi ser deg p\u00e5 brygga!\u00a0<\/p>\n<\/div>\n<\/div>\n<h1>P\u00e5melding til bodplass<\/h1>\n<div>\n<p><span><\/p>\n<p>S\u00e5 hyggelig at du\/dere \u00f8nsker \u00e5 v\u00e6re med p\u00e5 Foldvikmarknaden i 2025! <\/p>\n<p>Vi ser frem til at du\/dere kommer til oss i vakre Gratangen! <\/p>\n<p>Her er skjemaet som du m\u00e5 fylle ut for \u00e5 f\u00e5 en bodplass p\u00e5 \u00e5rets marked.<br \/>\nVelg i prioritert rekkef\u00f8lge. 1 = f\u00f8rsteprioritet osv. Plassering kan \u00f8nskes, og vi skal strekke oss langt, men kan ikke stille garanti for at du f\u00e5r den plassen. Vi m\u00e5 se p\u00e5 sammensetningene n\u00e5r vi setter sammen oppsettet. <\/span><\/p>\n<\/div>\n<div>\n<p><span>Priser gjelder fredag til s\u00f8ndag. Ankomst tidligst kl. 14.00 p\u00e5 torsdag. Alle m\u00e5 v\u00e6re p\u00e5 plass f\u00f8r kl. 15.00 fredag og alle biler m\u00e5 v\u00e6re ute av markedsomr\u00e5det f\u00f8r den tid. Hvis du ikke kan v\u00e6re der til angitt klokkeslett, m\u00e5 du vente til fredagens marked stenger. <\/span><\/p>\n<p>Vi \u00f8nsker ogs\u00e5 \u00e5 h\u00f8re litt hva du selger eller lager for \u00e5 kunne bruke det i markedsf\u00f8ring og informasjon til bes\u00f8kende.<\/span><\/p>\n<\/div>\n<p><p>\n        <a href=\"https:\/\/docs.google.com\/forms\/d\/e\/1FAIpQLScMv7DjKZRmHQmWS3uOTHRWlijY7hmWADzZv4KCVDnD_8Cxeg\/viewform?usp=header\">P\u00e5meldingskjema <\/a>\n    <\/p>\n<\/p>\n<div>\n<div class='uk-visible@s' style='height: 250px;'><\/div>\n<\/div>\n<p><!--more--><br \/>\n<!-- {\"type\":\"layout\",\"children\":[{\"type\":\"section\",\"props\":{\"image_position\":\"center-center\",\"padding\":\"none\",\"style\":\"default\",\"title_breakpoint\":\"xl\",\"title_position\":\"top-left\",\"title_rotation\":\"left\",\"vertical_align\":\"\",\"width\":\"\"},\"children\":[{\"type\":\"row\",\"children\":[{\"type\":\"column\",\"props\":{\"image\":\"wp-content\\\/uploads\\\/2023\\\/06\\\/foldvikMarknadAir.jpg\",\"image_effect\":\"fixed\",\"image_position\":\"center-center\",\"image_size\":\"cover\",\"position_sticky_breakpoint\":\"m\"},\"children\":[{\"type\":\"panel\",\"props\":{\"content\":\"\n\n<p style=\\\"text-align: center;\\\">Foldvik marked og kystkulturfestival 2025<\\\/p>\\n\n\n<p style=\\\"text-align: center;\\\"><br class=\\\"html-br\\\" \\\/><strong>8.-10. august 2025\\u00a0<\\\/strong><br class=\\\"html-br\\\" \\\/><span>Nord-Norges st\\u00f8rste kystkulturarrangement. <br \\\/>Et \\u00e5rlig marked med historie og kystkulturkultur.\\u00a0<\\\/span><\\\/p>\\n\n\n<p><\\\/p>\\n\n\n<p style=\\\"text-align: center;\\\">\\u00a0 \\u00a0 \\u00a0Vi h\\u00e5per vi ser deg p\\u00e5 brygga!\\u00a0<\\\/p>\",\"content_column_breakpoint\":\"m\",\"icon_width\":80,\"image\":\"wp-content\\\/uploads\\\/2025\\\/04\\\/IMG_0285.jpeg\",\"image_align\":\"top\",\"image_grid_breakpoint\":\"m\",\"image_grid_width\":\"1-2\",\"image_height\":-12,\"image_svg_color\":\"emphasis\",\"image_width\":-21,\"link_style\":\"default\",\"link_text\":\"Read more\",\"margin\":\"default\",\"meta_align\":\"below-title\",\"meta_element\":\"div\",\"meta_style\":\"text-meta\",\"panel_style\":\"card-default\",\"text_align\":\"center\",\"title\":\"\",\"title_align\":\"top\",\"title_element\":\"h3\",\"title_grid_breakpoint\":\"m\",\"title_grid_width\":\"1-2\",\"title_hover_style\":\"reset\"}}]}],\"props\":{\"margin_remove_bottom\":true,\"margin_remove_top\":true}}],\"name\":\"Header\"},{\"type\":\"section\",\"props\":{\"image_position\":\"center-center\",\"style\":\"default\",\"title\":\"Priser\",\"title_breakpoint\":\"xl\",\"title_position\":\"top-left\",\"title_rotation\":\"left\",\"vertical_align\":\"\",\"width\":\"default\"},\"children\":[{\"type\":\"row\",\"props\":{\"layout\":\"1-2,1-2\"},\"children\":[{\"type\":\"column\",\"props\":{\"image_position\":\"center-center\",\"position_sticky_breakpoint\":\"m\",\"width_medium\":\"1-2\"}},{\"type\":\"column\",\"props\":{\"image_position\":\"center-center\",\"position_sticky_breakpoint\":\"m\",\"width_medium\":\"1-2\"}}]}]},{\"type\":\"section\",\"props\":{\"image_position\":\"center-center\",\"style\":\"muted\",\"title_breakpoint\":\"xl\",\"title_position\":\"top-left\",\"title_rotation\":\"left\",\"vertical_align\":\"\",\"width\":\"default\"},\"children\":[{\"type\":\"row\",\"children\":[{\"type\":\"column\",\"props\":{\"image_position\":\"center-center\",\"position_sticky_breakpoint\":\"m\"},\"children\":[{\"type\":\"html\",\"props\":{\"content\":\"\n\n<div class='uk-visible@s' style='height: 250px;'><\\\/div>\",\"status\":\"disabled\"}},{\"type\":\"headline\",\"props\":{\"content\":\"P\\u00e5melding til bodplass\",\"id\":\"bodplass\",\"text_align\":\"center\",\"title_element\":\"h1\"}}]}],\"props\":{\"divider\":false}},{\"type\":\"row\",\"props\":{\"divider\":true,\"layout\":\"1-2,1-2\"},\"children\":[{\"type\":\"column\",\"props\":{\"image_position\":\"center-center\",\"position_sticky_breakpoint\":\"m\",\"width_medium\":\"1-2\"},\"children\":[{\"type\":\"text\",\"props\":{\"column_breakpoint\":\"m\",\"content\":\"\n\n<p><span>\\n \\nS\\u00e5 hyggelig at du\\\/dere \\u00f8nsker \\u00e5 v\\u00e6re med p\\u00e5 Foldvikmarknaden i 2025! \\n\\nVi ser frem til at du\\\/dere kommer til oss i vakre Gratangen! \\n\\nHer er skjemaet som du m\\u00e5 fylle ut for \\u00e5 f\\u00e5 en bodplass p\\u00e5 \\u00e5rets marked. \\nVelg i prioritert rekkef\\u00f8lge. 1 = f\\u00f8rsteprioritet osv. Plassering kan \\u00f8nskes, og vi skal strekke oss langt, men kan ikke stille garanti for at du f\\u00e5r den plassen. Vi m\\u00e5 se p\\u00e5 sammensetningene n\\u00e5r vi setter sammen oppsettet. <\\\/span><\\\/p>\",\"margin\":\"default\",\"text_align\":\"center\"}}]},{\"type\":\"column\",\"props\":{\"image_position\":\"center-center\",\"position_sticky_breakpoint\":\"m\",\"width_medium\":\"1-2\"},\"children\":[{\"type\":\"text\",\"props\":{\"column_breakpoint\":\"m\",\"content\":\"\n\n<p><span>Priser gjelder fredag til s\\u00f8ndag. Ankomst tidligst kl. 14.00 p\\u00e5 torsdag. Alle m\\u00e5 v\\u00e6re p\\u00e5 plass f\\u00f8r kl. 15.00 fredag og alle biler m\\u00e5 v\\u00e6re ute av markedsomr\\u00e5det f\\u00f8r den tid. Hvis du ikke kan v\\u00e6re der til angitt klokkeslett, m\\u00e5 du vente til fredagens marked stenger. <\\\/span><\\\/p>\\n\\nVi \\u00f8nsker ogs\\u00e5 \\u00e5 h\\u00f8re litt hva du selger eller lager for \\u00e5 kunne bruke det i markedsf\\u00f8ring og informasjon til bes\\u00f8kende.<\\\/span><\\\/p>\",\"margin\":\"default\",\"text_align\":\"center\"}}]}]},{\"type\":\"row\",\"children\":[{\"type\":\"column\",\"props\":{\"image_position\":\"center-center\",\"position_sticky_breakpoint\":\"m\"},\"children\":[{\"type\":\"button\",\"props\":{\"button_size\":\"large\",\"fullwidth\":true,\"grid_column_gap\":\"small\",\"grid_row_gap\":\"small\",\"margin\":\"default\"},\"children\":[{\"type\":\"button_item\",\"props\":{\"button_style\":\"default\",\"content\":\"P\\u00e5meldingskjema \",\"dialog_layout\":\"modal\",\"dialog_offcanvas_flip\":true,\"icon\":\"pencil\",\"icon_align\":\"left\",\"link\":\"https:\\\/\\\/docs.google.com\\\/forms\\\/d\\\/e\\\/1FAIpQLScMv7DjKZRmHQmWS3uOTHRWlijY7hmWADzZv4KCVDnD_8Cxeg\\\/viewform?usp=header\",\"link_target\":\"blank\"}}]},{\"type\":\"html\",\"props\":{\"content\":\"\n\n<div class='uk-visible@s' style='height: 250px;'><\\\/div>\"}}]}]}],\"name\":\"Bodplass\"}],\"version\":\"4.5.12\"} --><\/p>\n","protected":false},"excerpt":{"rendered":"<p>Foldvik marked og kystkulturfestival 2025 8.-10. august 2025\u00a0Nord-Norges st\u00f8rste kystkulturarrangement. Et \u00e5rlig marked med historie og kystkulturkultur.\u00a0 \u00a0 \u00a0 \u00a0Vi h\u00e5per vi ser deg p\u00e5 brygga!\u00a0 P\u00e5melding til bodplass S\u00e5 hyggelig at du\/dere \u00f8nsker \u00e5 v\u00e6re med p\u00e5 Foldvikmarknaden i 2025! Vi ser frem til at du\/dere kommer til oss i vakre Gratangen! Her er [&hellip;]<\/p>\n","protected":false},"author":1,"featured_media":405,"parent":0,"menu_order":0,"comment_status":"closed","ping_status":"closed","template":"","meta":{"footnotes":""},"class_list":["post-18","page","type-page","status-publish","has-post-thumbnail","hentry"],"_links":{"self":[{"href":"https:\/\/gratangen-kystlag.no\/index.php?rest_route=\/wp\/v2\/pages\/18","targetHints":{"allow":["GET"]}}],"collection":[{"href":"https:\/\/gratangen-kystlag.no\/index.php?rest_route=\/wp\/v2\/pages"}],"about":[{"href":"https:\/\/gratangen-kystlag.no\/index.php?rest_route=\/wp\/v2\/types\/page"}],"author":[{"embeddable":true,"href":"https:\/\/gratangen-kystlag.no\/index.php?rest_route=\/wp\/v2\/users\/1"}],"replies":[{"embeddable":true,"href":"https:\/\/gratangen-kystlag.no\/index.php?rest_route=%2Fwp%2Fv2%2Fcomments&post=18"}],"version-history":[{"count":63,"href":"https:\/\/gratangen-kystlag.no\/index.php?rest_route=\/wp\/v2\/pages\/18\/revisions"}],"predecessor-version":[{"id":426,"href":"https:\/\/gratangen-kystlag.no\/index.php?rest_route=\/wp\/v2\/pages\/18\/revisions\/426"}],"wp:featuredmedia":[{"embeddable":true,"href":"https:\/\/gratangen-kystlag.no\/index.php?rest_route=\/wp\/v2\/media\/405"}],"wp:attachment":[{"href":"https:\/\/gratangen-kystlag.no\/index.php?rest_route=%2Fwp%2Fv2%2Fmedia&parent=18"}],"curies":[{"name":"wp","href":"https:\/\/api.w.org\/{rel}","templated":true}]}}